{"id":274,"date":"2018-08-01T03:10:30","date_gmt":"2018-08-01T03:10:30","guid":{"rendered":"http:\/\/demo.casethemes.net\/unfinityplus-construction\/?page_id=274"},"modified":"2021-09-03T06:12:04","modified_gmt":"2021-09-03T06:12:04","slug":"home","status":"publish","type":"page","link":"https:\/\/www.tmt-pruefservice.de\/","title":{"rendered":"Home"},"content":{"rendered":"<p>[vc_row full_width=&#8221;stretch_row_content_no_spaces&#8221; el_id=&#8221;section-home&#8221;][vc_column][rev_slider_vc alias=&#8221;home&#8221; arrow_style=&#8221;style3&#8243;][\/vc_column][\/vc_row][vc_row el_id=&#8221;services&#8221; css=&#8221;.vc_custom_1625768652080{margin-top: 50px !important;}&#8221;][vc_column][vc_row_inner css=&#8221;.vc_custom_1625768872952{margin-top: 22px !important;background-color: #ffffff !important;}&#8221;][vc_column_inner][vc_column_text css=&#8221;.vc_custom_1625768704949{margin-right: 0px !important;margin-left: 0px !important;padding-top: 8px !important;padding-right: 8px !important;padding-bottom: 8px !important;padding-left: 8px !important;background-color: #78a600 !important;}&#8221;]<\/p>\n<p style=\"text-align: center; font-size: 20px; color: white; background-color: #78a600!important;\"><span lang=\"DE\">Unser Service &#8211;<b> qualifiziert, innovativ und gewissenhaft<\/b><\/span><\/p>\n<p>[\/vc_column_text][vc_column_text css=&#8221;.vc_custom_1626698148069{margin-bottom: 5px !important;}&#8221;]<\/p>\n<div class=\"row\">\n<div class=\"col-md-3\"><\/div>\n<div class=\"col-md-6\">\n<p style=\"text-align:center;font-size: 18px; color: black;\">Als Spezialist in Sachen Betriebssicherheit ist es unser Ziel, dass Menschen an ihrem Arbeitsplatz jeden Tag sicher arbeiten k\u00f6nnen.<\/p>\n<\/div>\n<div class=\"col-md-3\"><\/div>\n<\/div>\n<p>[\/vc_column_text][vc_empty_space height=&#8221;0px&#8221;][\/vc_column_inner][vc_column_inner width=&#8221;1\/2&#8243;][vc_single_image image=&#8221;1133&#8243; img_size=&#8221;large&#8221;][\/vc_column_inner][vc_column_inner width=&#8221;1\/2&#8243;][vc_column_text css=&#8221;.vc_custom_1629384737110{margin-bottom: 5px !important;}&#8221;]<\/p>\n<p style=\"text-align: left; font-size: 17px; color: black; font-weight: bold; line-height: 20px;\">Eine professionelle und regelm\u00e4\u00dfig durchgef\u00fchrte Pr\u00fcfung von elektrischen Betriebsmitteln und Anlagen garantiert die Betriebssicherheit zum Schutz von Menschen, Unternehmensabl\u00e4ufen und Sachwerten!<\/p>\n<p>[\/vc_column_text][vc_column_text css=&#8221;.vc_custom_1626437785056{margin-bottom: 5px !important;padding-left: 4px !important;}&#8221;]<\/p>\n<div class=\"row\" style=\"display: flex !important; flex-wrap: nowrap !important;\">\n<div class=\"col-md-1\" style=\"width: 1rem !important;\"><i class=\"fa fa-square\" style=\"font-size: 6px; color:black\" aria-hidden=\"true\"><\/i><\/div>\n<div class=\"col-md-11\">\n<div class=\"row\">\n<div class=\"col-md-11\">\n<p style=\"text-align: left; color: black;\">Die notwendige, wiederkehrende Sicherheitspr\u00fcfung von Betriebs- und Arbeitsmitteln, entsprechend den aktuellen Normen und g\u00fcltigen Gesetzen ist nach ArbSchG, BetrSichV \u00a714, TRBS 1201 und DGUV V3 &amp; V4 f\u00fcr jedes Unternehmen erpflichtend.<\/p>\n<\/div>\n<div class=\"col-md-1\"><\/div>\n<\/div>\n<\/div>\n<\/div>\n<p>[\/vc_column_text][vc_column_text css=&#8221;.vc_custom_1626436268299{margin-bottom: 7px !important;}&#8221;]<\/p>\n<p style=\"text-align: left; font-size: 17px; color: black; font-weight: bold; line-height: 20px; margin-top: 20px;\">Unsere Unternehmensphilosophie ist Kontinuit\u00e4t, Nachhaltigkeit und Flexibilit\u00e4t in einer partnerschaftlichen Zusammenarbeit mit unseren Kunden. Qualit\u00e4t und Kundenzufriedenheit stehen bei uns an erster Stelle!<\/p>\n<p>[\/vc_column_text][vc_column_text css=&#8221;.vc_custom_1627550402970{padding-left: 4px !important;}&#8221;]<\/p>\n<div class=\"row\" style=\"margin-bottom: 7px; display: flex !important; flex-wrap: nowrap !important;\">\n<div class=\"col-md-1\" style=\"width: 1rem !important;\"><i class=\"fa fa-square\" style=\"font-size: 6px; color:black\" aria-hidden=\"true\"><\/i><\/div>\n<div class=\"col-md-11\">\n<div class=\"row\">\n<div class=\"col-md-11\">\n<p style=\"text-align: left; color: black;\">Mit einem kompetenten und hochmotivierten Team garantieren wir eine Qualit\u00e4t, auf die Sie sich verlassen k\u00f6nnen, zu einem fairen Preis-Leistungs-Verh\u00e4ltnis.<\/p>\n<\/div>\n<div class=\"col-md-1\"><\/div>\n<\/div>\n<\/div>\n<\/div>\n<div class=\"row\" style=\"margin-bottom: 7px; display: flex !important; flex-wrap: nowrap !important;\">\n<div class=\"col-md-1\" style=\"width: 1rem !important;\"><i class=\"fa fa-square\" style=\"font-size: 6px; color:black\" aria-hidden=\"true\"><\/i><\/div>\n<div class=\"col-md-11\">\n<div class=\"row\">\n<div class=\"col-md-11\">\n<p style=\"text-align: left; color: black;\">Unsere qualifizierten Pr\u00fcfer arbeiten stets kundenorientiert, sie nehmen R\u00fccksicht auf die Mitarbeiter und deren Arbeitsumfeld. So garantieren sie einen reibungslosen Pr\u00fcfablauf.<\/p>\n<\/div>\n<div class=\"col-md-1\"><\/div>\n<\/div>\n<\/div>\n<\/div>\n<div class=\"row\" style=\"display: flex !important; flex-wrap: nowrap !important;\">\n<div class=\"col-md-1\" style=\"width: 1rem !important;\"><i class=\"fa fa-square\" style=\"font-size: 6px; color:black\" aria-hidden=\"true\"><\/i><\/div>\n<div class=\"col-md-11\">\n<div class=\"row\">\n<div class=\"col-md-11\">\n<p style=\"text-align: left; color: black;\">Wir pr\u00fcfen f\u00fcr Sie regional und bundesweit die vorgeschriebenen und notwendigen Sicherheitspr\u00fcfungen,entsprechend den aktuellen Normen und g\u00fcltigen Gesetzen.<\/p>\n<\/div>\n<div class=\"col-md-1\"><\/div>\n<\/div>\n<\/div>\n<\/div>\n<p>[\/vc_column_text][vc_column_text]<\/p>\n<div class=\"wpb_wrapper\" style=\"display: inline-block; float: right; background-color: #78a600 !important; padding: 15px;\">\n<h6 style=\"text-align: right; color: white;\"><a style=\"color: white;\" href=\"https:\/\/tmt-pruefservice.de\/index.php\/gesetze-und-normen\/\">Gesetze und Normen<\/a><\/h6>\n<\/div>\n<p>[\/vc_column_text][\/vc_column_inner][\/vc_row_inner][\/vc_column][\/vc_row][vc_row css=&#8221;.vc_custom_1620292381725{margin-top: 25px !important;margin-bottom: 25px !important;padding-top: 25px !important;padding-bottom: 60px !important;background-color: #f2f2f2 !important;}&#8221; el_id=&#8221;Leistungen&#8221;][vc_column][vc_column_text css=&#8221;.vc_custom_1625646276895{margin-right: 0px !important;margin-bottom: 20px !important;margin-left: 0px !important;padding-top: 8px !important;padding-bottom: 8px !important;background-color: #78a600 !important;}&#8221;]<\/p>\n<p style=\"text-align: center; font-size: 20px; color: white; background-color: #78a600!important;\"><b>Unsere Leistungen &#8211;<\/b> Ganzheitlicher Pr\u00fcfservice aus einer Hand<\/p>\n<p>[\/vc_column_text][vc_column_text css=&#8221;.vc_custom_1626696633465{margin-bottom: 5px !important;}&#8221;]<\/p>\n<div class=\"row\">\n<div class=\"col-md-2\"><\/div>\n<div class=\"col-md-8\">\n<p style=\"text-align: center; font-size: 18px; color: black;\">Durch gewissenhaftes und rechtssicheres Pr\u00fcfen sorgen wir nachhaltig f\u00fcr mehr Sicherheit am Arbeitsplatz. Entsprechend g\u00fcltiger Gesetze und aktueller Normen pr\u00fcfen wir:<\/p>\n<\/div>\n<div class=\"col-md-2\"><\/div>\n<\/div>\n<p><span data-mce-type=\"bookmark\" style=\"display: inline-block; width: 0px; overflow: hidden; line-height: 0;\" class=\"mce_SELRES_start\">\ufeff<\/span>[\/vc_column_text][cms_service_grid custom_source=&#8221;true&#8221; order=&#8221;ASC&#8221; limit=&#8221;12&#8243; layout=&#8221;masonry&#8221; filter=&#8221;false&#8221; pagination_type=&#8221;false&#8221; gap=&#8221;40&#8243; col_xs=&#8221;1&#8243; col_sm=&#8221;2&#8243; col_md=&#8221;3&#8243; col_lg=&#8221;3&#8243; custom_column=&#8221;false&#8221; source=&#8221;category-1|service-category&#8221;][cms_service_grid custom_source=&#8221;true&#8221; order=&#8221;ASC&#8221; limit=&#8221;12&#8243; layout=&#8221;masonry&#8221; filter=&#8221;false&#8221; pagination_type=&#8221;false&#8221; gap=&#8221;40&#8243; col_xs=&#8221;1&#8243; col_sm=&#8221;2&#8243; col_md=&#8221;3&#8243; col_lg=&#8221;3&#8243; custom_column=&#8221;false&#8221; source=&#8221;category-2|service-category&#8221;][cms_service_grid custom_source=&#8221;true&#8221; order=&#8221;ASC&#8221; limit=&#8221;12&#8243; layout=&#8221;masonry&#8221; filter=&#8221;false&#8221; pagination_type=&#8221;false&#8221; gap=&#8221;40&#8243; col_xs=&#8221;1&#8243; col_sm=&#8221;2&#8243; col_md=&#8221;3&#8243; col_lg=&#8221;3&#8243; custom_column=&#8221;false&#8221; source=&#8221;category-3|service-category&#8221;][cms_service_grid custom_source=&#8221;true&#8221; order=&#8221;ASC&#8221; limit=&#8221;12&#8243; layout=&#8221;masonry&#8221; filter=&#8221;false&#8221; pagination_type=&#8221;false&#8221; gap=&#8221;40&#8243; col_xs=&#8221;1&#8243; col_sm=&#8221;2&#8243; col_md=&#8221;3&#8243; col_lg=&#8221;3&#8243; custom_column=&#8221;false&#8221; source=&#8221;category-4|service-category&#8221;][\/vc_column][\/vc_row][vc_row el_id=&#8221;Bereiche&#8221; css=&#8221;.vc_custom_1533439783580{padding-top: 0px !important;padding-bottom: 0px !important;}&#8221;][vc_column css=&#8221;.vc_custom_1533439787359{padding-top: 92px !important;padding-bottom: 0px !important;}&#8221;][vc_column_text css=&#8221;.vc_custom_1629384827803{margin-top: -30px !important;margin-right: 0px !important;margin-bottom: 25px !important;margin-left: 0px !important;padding-top: 8px !important;padding-bottom: 8px !important;background-color: #78a600 !important;}&#8221;]<\/p>\n<p style=\"text-align: center; font-size: 20px; color: white; background-color: #78a600!important;\"><b>Bereiche und Branchen, die wir f\u00fcr Sie pr\u00fcfen &#8211;<\/b> regional und bundesweit<\/p>\n<p>[\/vc_column_text][vc_column_text css=&#8221;.vc_custom_1629386411298{margin-bottom: 5px !important;}&#8221;]<\/p>\n<div class=\"row\">\n<div class=\"col-md-2\"><\/div>\n<div class=\"col-md-8\">\n<p style=\"text-align: center; font-size: 17px; color: black;\">Als Unternehmen der Metropolregion Rhein-Neckar pr\u00fcfen wir in verschiedenen Branchen.<\/p>\n<p style=\"text-align: center; font-size: 17px; color: black;margin-top:-15px\">F\u00fcr unsere Kunden sind wir regional und im gesamten Bundesgebiet unterwegs.<\/p>\n<\/div>\n<div class=\"col-md-2\"><\/div>\n<\/div>\n<p>[\/vc_column_text][vc_row_inner css=&#8221;.vc_custom_1620296712049{margin-top: 25px !important;}&#8221;][vc_column_inner width=&#8221;1\/3&#8243; css=&#8221;.vc_custom_1620295649570{margin-bottom: 25px !important;}&#8221;][vc_single_image image=&#8221;1215&#8243; img_size=&#8221;full&#8221;][vc_column_text]<\/p>\n<div class=\"row\" style=\"display: flex !important; flex-wrap: nowrap !important;\">\n<div class=\"col-md-1\" style=\"margin-top: -2px;width: 1rem !important;\"><i class=\"fa fa-square\" style=\"font-size: 6px; color:black\" aria-hidden=\"true\"><\/i><\/div>\n<div class=\"col-md-11\">\n<h6 style=\"text-align: left;\">B\u00fcro und Verwaltungen<\/h6>\n<\/div>\n<\/div>\n<p>[\/vc_column_text][\/vc_column_inner][vc_column_inner width=&#8221;1\/3&#8243;][vc_single_image image=&#8221;1216&#8243; img_size=&#8221;360&#215;269&#8243;][vc_column_text]<\/p>\n<div class=\"row\" style=\"display: flex !important; flex-wrap: nowrap !important;\">\n<div class=\"col-md-1\" style=\"margin-top: -2px; width: 1rem !important;\"><i class=\"fa fa-square\" style=\"font-size: 6px; color:black\" aria-hidden=\"true\"><\/i><\/div>\n<div class=\"col-md-11\">\n<h6 style=\"text-align: left;\">Gastronomie- und Hotelwesen<\/h6>\n<\/div>\n<\/div>\n<p>[\/vc_column_text][\/vc_column_inner][vc_column_inner width=&#8221;1\/3&#8243;][vc_single_image image=&#8221;1217&#8243; img_size=&#8221;360&#215;269&#8243;][vc_column_text]<\/p>\n<div class=\"row\" style=\"display: flex !important; flex-wrap: nowrap !important;\">\n<div class=\"col-md-1\" style=\"margin-top: -2px; width: 1rem !important;\"><i class=\"fa fa-square\" style=\"font-size: 6px; color:black\" aria-hidden=\"true\"><\/i><\/div>\n<div class=\"col-md-11\">\n<h6 style=\"text-align: left; margin-left: -12px;\">Krankenh\u00e4user, Praxen, Pflegeheime etc.<\/h6>\n<\/div>\n<\/div>\n<p>[\/vc_column_text][\/vc_column_inner][\/vc_row_inner][vc_row_inner css=&#8221;.vc_custom_1620296724810{margin-bottom: 25px !important;}&#8221;][vc_column_inner width=&#8221;1\/3&#8243;][vc_single_image image=&#8221;940&#8243; img_size=&#8221;360&#215;269&#8243;][vc_column_text]<\/p>\n<div class=\"row\" style=\"display: flex !important; flex-wrap: nowrap !important;\">\n<div class=\"col-md-1\" style=\"margin-top: -2px;width: 1rem !important;\"><i class=\"fa fa-square\" style=\"font-size: 6px; color:black\" aria-hidden=\"true\"><\/i><\/div>\n<div class=\"col-md-11\">\n<h6 style=\"text-align: left;\">Lager- und Logistikunternehmen<\/h6>\n<\/div>\n<\/div>\n<p>[\/vc_column_text][\/vc_column_inner][vc_column_inner width=&#8221;1\/3&#8243;][vc_single_image image=&#8221;1221&#8243; img_size=&#8221;360&#215;269&#8243;][vc_column_text]<\/p>\n<div class=\"row\" style=\"display: flex !important; flex-wrap: nowrap !important;\">\n<div class=\"col-md-1\" style=\"margin-top: -2px;width: 1rem !important;\"><i class=\"fa fa-square\" style=\"font-size: 6px; color:black\" aria-hidden=\"true\"><\/i><\/div>\n<div class=\"col-md-11\">\n<h6 style=\"text-align: left;\">Schulen und Kinderg\u00e4rten<\/h6>\n<\/div>\n<\/div>\n<p>[\/vc_column_text][\/vc_column_inner][vc_column_inner width=&#8221;1\/3&#8243;][vc_single_image image=&#8221;945&#8243; img_size=&#8221;360&#215;269&#8243;][vc_column_text]<\/p>\n<div class=\"row\" style=\"display: flex !important; flex-wrap: nowrap !important;\">\n<div class=\"col-md-1\" style=\"margin-top: -2px;width: 1rem !important;\"><i class=\"fa fa-square\" style=\"font-size: 6px; color:black\" aria-hidden=\"true\"><\/i><\/div>\n<div class=\"col-md-11\">\n<h6 style=\"text-align: left;\">Industrie- und Produktionsbetriebe<\/h6>\n<\/div>\n<\/div>\n<p>[\/vc_column_text][\/vc_column_inner][\/vc_row_inner][\/vc_column][\/vc_row][vc_row el_id=&#8221;about&#8221; css=&#8221;.vc_custom_1620296681778{margin-top: -30px !important;padding-top: 33px !important;}&#8221;][vc_column css=&#8221;.vc_custom_1620289381147{background-color: #f2f2f2 !important;}&#8221;][vc_column_text css=&#8221;.vc_custom_1625646307733{margin-right: 0px !important;margin-bottom: 25px !important;margin-left: 0px !important;padding-top: 8px !important;padding-bottom: 8px !important;background-color: #78a600 !important;}&#8221;]<\/p>\n<p style=\"text-align: center; font-size: 20px; color: white; background-color: #78a600!important;\"><b>TMT Pr\u00fcfservice GmbH &amp; Co. KG<\/b><\/p>\n<p>[\/vc_column_text][vc_column_text css=&#8221;.vc_custom_1626697021525{margin-bottom: 5px !important;}&#8221;]<\/p>\n<div class=\"row\">\n<div class=\"col-md-2\"><\/div>\n<div class=\"col-md-8\">\n<p style=\"text-align: center; font-size: 18px; color: black;\">Wir wollen hoch hinaus &#8211; in partnerschaftlicher Zusammenarbeit mit unseren Kunden<\/p>\n<\/div>\n<div class=\"col-md-2\"><\/div>\n<\/div>\n<p>[\/vc_column_text][vc_row_inner css=&#8221;.vc_custom_1619611936351{padding-top: 25px !important;}&#8221;][vc_column_inner width=&#8221;1\/2&#8243;][vc_single_image image=&#8221;953&#8243; img_size=&#8221;large&#8221;][vc_column_text]<\/p>\n<div class=\"row\" style=\"display: flex !important; flex-wrap: nowrap !important;\">\n<div class=\"col-md-1\" style=\"width: 1rem !important;\"><i class=\"fa fa-square\" style=\"font-size: 6px; color:black\" aria-hidden=\"true\"><\/i><\/div>\n<div class=\"col-md-11\">\n<p style=\"text-align: left; color: black; width: 101%;\">Ihr nachhaltiger Pr\u00fcfservice f\u00fcr Betriebssicherheit in der Metropolregion Rhein-Neckar mit Sitz in Walldorf.<\/p>\n<\/div>\n<\/div>\n<div class=\"row\" style=\"display: flex !important; flex-wrap: nowrap !important;\">\n<div class=\"col-md-1\" style=\"width: 1rem !important;\"><i class=\"fa fa-square\" style=\"font-size: 6px; color:black\" aria-hidden=\"true\"><\/i><\/div>\n<div class=\"col-md-11\">\n<p style=\"text-align: left; color: black;\">Wir von der Firma TMT Pr\u00fcfservice GmbH &amp; Co. KG sind ein inhabergef\u00fchrtes Unternehmen und seit 2015 ein zuverl\u00e4ssigerund kompetenter Partner in Sachen Betriebssicherheit.<\/p>\n<\/div>\n<\/div>\n<div class=\"row\" style=\"display: flex !important; flex-wrap: nowrap !important;\">\n<div class=\"col-md-1\" style=\"width: 1rem !important;\"><i class=\"fa fa-square\" style=\"font-size: 6px; color:black\" aria-hidden=\"true\"><\/i><\/div>\n<div class=\"col-md-11\">\n<p style=\"text-align: left; color: black;\">Als inhabergef\u00fchrtes Unternehmen sind wir innovativ, gewissenhaft und kundenorientiert. Qualit\u00e4t und Kundenzufriedenheit steht bei uns an erster Stelle &#8211; Versprochen!<\/p>\n<\/div>\n<\/div>\n<p>[\/vc_column_text][\/vc_column_inner][vc_column_inner width=&#8221;1\/2&#8243;][vc_single_image image=&#8221;954&#8243; img_size=&#8221;full&#8221;][vc_column_text css=&#8221;.vc_custom_1629384221701{margin-top: 42px !important;}&#8221;]<\/p>\n<div class=\"row\" style=\"display: flex !important; flex-wrap: nowrap !important;\">\n<div class=\"col-md-1\" style=\"width: 1rem !important;\"><i class=\"fa fa-square\" style=\"font-size: 6px; color:black\" aria-hidden=\"true\"><\/i><\/div>\n<div class=\"col-md-11\">\n<p style=\"text-align: left; color: black; width: 101%;\">Unsere Philosophie ist durch Qualit\u00e4t, Kontinuit\u00e4t und Nachhaltigkeit jeden Arbeitsplatz und jedes Unternehmen sicherer zu machen.<\/p>\n<\/div>\n<\/div>\n<div class=\"row\" style=\"display: flex !important; flex-wrap: nowrap !important;\">\n<div class=\"col-md-1\" style=\"width: 1rem !important;\"><i class=\"fa fa-square\" style=\"font-size: 6px; color:black\" aria-hidden=\"true\"><\/i><\/div>\n<div class=\"col-md-11\">\n<p style=\"text-align: left; color: black;\">Der pers\u00f6nliche Kontakt mit unseren Kunden ist uns dabei sehr wichtig und durch nichts zu ersetzen.<\/p>\n<\/div>\n<\/div>\n<div class=\"row\" style=\"display: flex !important; flex-wrap: nowrap !important;\">\n<div class=\"col-md-1\" style=\"width: 1rem !important;\"><i class=\"fa fa-square\" style=\"font-size: 6px; color:black\" aria-hidden=\"true\"><\/i><\/div>\n<div class=\"col-md-11\">\n<p style=\"text-align: left; color: black;\">Wir beraten Sie gerne rund um das Thema DGUV und erstellen Ihnen gerne ein individuelles Angebot. Schnell &#8211; Unkompliziert &#8211; Fair!<\/p>\n<\/div>\n<\/div>\n<p>[\/vc_column_text][\/vc_column_inner][\/vc_row_inner][\/vc_column][\/vc_row][vc_row el_id=&#8221;contact&#8221; css=&#8221;.vc_custom_1619610436028{margin-bottom: -130px !important;}&#8221;][vc_column css=&#8221;.vc_custom_1533487322822{margin-bottom: 100px !important;padding-top: 100px !important;}&#8221;][vc_column_text css=&#8221;.vc_custom_1625646320079{margin-top: -40px !important;margin-right: 0px !important;margin-bottom: 25px !important;margin-left: 0px !important;padding-top: 8px !important;padding-bottom: 8px !important;background-color: #78a600 !important;}&#8221;]<\/p>\n<p style=\"text-align: center; font-size: 20px; color: white; background-color: #78a600!important;\"><b>Kontaktieren Sie uns!<\/b><\/p>\n<p>[\/vc_column_text][vc_column_text]<\/p>\n<div class=\"row\">\n<div class=\"col-md-1\"><\/div>\n<div class=\"col-md-10\">\n<p style=\"text-align: center; font-size: 18px; color: black;\">Der pers\u00f6nliche Kontakt ist uns sehr wichtig und durch nichts zu ersetzen. Wir helfen Ihnen gerne bei allen Fragen zum Thema DGUV und k\u00fcmmern uns schnell um Ihr Anliegen. Wir sind Montags bis Freitags von 8.00 Uhr bis 17.00 Uhr f\u00fcr unseren Kunden erreichbar.<\/p>\n<\/div>\n<div class=\"col-md-1\"><\/div>\n<\/div>\n<p>[\/vc_column_text][vc_row_inner css=&#8221;.vc_custom_1620289722869{padding-top: 40px !important;padding-bottom: 10px !important;background-color: #78a600 !important;}&#8221;][vc_column_inner width=&#8221;1\/2&#8243; css=&#8221;.vc_custom_1620289746252{background-color: #78a600 !important;}&#8221;][cms_contact_info][vc_column_text css=&#8221;.vc_custom_1626274539660{margin-top: -40px !important;}&#8221;]<iframe loading=\"lazy\" style=\"border: 0;\" src=\"https:\/\/www.google.com\/maps\/embed?pb=!1m18!1m12!1m3!1d735.3180721334536!2d8.629969843515232!3d49.304361936038795!2m3!1f0!2f0!3f0!3m2!1i1024!2i768!4f13.1!3m3!1m2!1s0x4797ce689278f39b%3A0xfb34e2a27f8c56cf!2sTMT%20Tiebs%20Betriebssicherheit!5e0!3m2!1sen!2sin!4v1626273450502!5m2!1sen!2sin\" width=\"600\" height=\"400\" allowfullscreen=\"allowfullscreen\"><\/iframe>[\/vc_column_text][\/vc_column_inner][vc_column_inner width=&#8221;1\/2&#8243; css=&#8221;.vc_custom_1620289765380{background-color: #78a600 !important;}&#8221;][cms_contact_form id=&#8221;5&#8243; form_style=&#8221;form-style2&#8243;][\/vc_column_inner][\/vc_row_inner][\/vc_column][\/vc_row][vc_row full_width=&#8221;stretch_row&#8221; parallax=&#8221;content-moving&#8221; parallax_speed_bg=&#8221;1.8&#8243; ct_row_class=&#8221;row-overlay&#8221; el_id=&#8221;contact&#8221; css=&#8221;.vc_custom_1619076477693{padding-top: 1px !important;padding-bottom: 80px !important;}&#8221;][vc_column][\/vc_column][\/vc_row]<\/p>\n","protected":false},"excerpt":{"rendered":"<p>[vc_row full_width=&#8221;stretch_row_content_no_spaces&#8221; el_id=&#8221;section-home&#8221;][vc_column][rev_slider_vc alias=&#8221;home&#8221; arrow_style=&#8221;style3&#8243;][\/vc_column][\/vc_row][vc_row el_id=&#8221;services&#8221; css=&#8221;.vc_custom_1625768652080{margin-top: 50px !important;}&#8221;][vc_column][vc_row_inner css=&#8221;.vc_custom_1625768872952{margin-top: 22px !important;background-color: #ffffff !important;}&#8221;][vc_column_inner][vc_column_text css=&#8221;.vc_custom_1625768704949{margin-right: 0px !important;margin-left: 0px !important;padding-top: 8px !important;padding-right: 8px !important;padding-bottom: 8px !important;padding-left: 8px !important;background-color: #78a600 !important;}&#8221;] Unser Service &#8211; qualifiziert, innovativ und gewissenhaft [\/vc_column_text][vc_column_text css=&#8221;.vc_custom_1626698148069{margin-bottom: 5px !important;}&#8221;] Als Spezialist in Sachen Betriebssicherheit ist es unser Ziel, dass Menschen an ihrem Arbeitsplatz jeden [&hellip;]<\/p>\n","protected":false},"author":1,"featured_media":0,"parent":0,"menu_order":0,"comment_status":"closed","ping_status":"closed","template":"","meta":{"_monsterinsights_skip_tracking":false,"_monsterinsights_sitenote_active":false,"_monsterinsights_sitenote_note":"","_monsterinsights_sitenote_category":0,"footnotes":""},"class_list":["post-274","page","type-page","status-publish","hentry"],"aioseo_notices":[],"_links":{"self":[{"href":"https:\/\/www.tmt-pruefservice.de\/index.php\/wp-json\/wp\/v2\/pages\/274","targetHints":{"allow":["GET"]}}],"collection":[{"href":"https:\/\/www.tmt-pruefservice.de\/index.php\/wp-json\/wp\/v2\/pages"}],"about":[{"href":"https:\/\/www.tmt-pruefservice.de\/index.php\/wp-json\/wp\/v2\/types\/page"}],"author":[{"embeddable":true,"href":"https:\/\/www.tmt-pruefservice.de\/index.php\/wp-json\/wp\/v2\/users\/1"}],"replies":[{"embeddable":true,"href":"https:\/\/www.tmt-pruefservice.de\/index.php\/wp-json\/wp\/v2\/comments?post=274"}],"version-history":[{"count":224,"href":"https:\/\/www.tmt-pruefservice.de\/index.php\/wp-json\/wp\/v2\/pages\/274\/revisions"}],"predecessor-version":[{"id":1623,"href":"https:\/\/www.tmt-pruefservice.de\/index.php\/wp-json\/wp\/v2\/pages\/274\/revisions\/1623"}],"wp:attachment":[{"href":"https:\/\/www.tmt-pruefservice.de\/index.php\/wp-json\/wp\/v2\/media?parent=274"}],"curies":[{"name":"wp","href":"https:\/\/api.w.org\/{rel}","templated":true}]}}