{"id":982,"date":"2021-04-21T10:35:23","date_gmt":"2021-04-21T10:35:23","guid":{"rendered":"http:\/\/tmt-pruefservice.de\/?page_id=982"},"modified":"2021-07-14T05:00:25","modified_gmt":"2021-07-14T05:00:25","slug":"gesetze-und-normen","status":"publish","type":"page","link":"https:\/\/www.tmt-pruefservice.de\/index.php\/gesetze-und-normen\/","title":{"rendered":"Gesetze und Normen"},"content":{"rendered":"<p>[vc_row css=&#8221;.vc_custom_1620297601230{margin-top: -79px !important;}&#8221;][vc_column][vc_column_text css=&#8221;.vc_custom_1625671458746{margin-top: 95px !important;margin-right: 0px !important;margin-bottom: 25px !important;margin-left: 0px !important;padding-top: 8px !important;padding-bottom: 8px !important;background-color: #78a600 !important;}&#8221;]<\/p>\n<p style=\"font-size: 20px; text-align: center; color: white; background-color: #78a600 !important;\"><span lang=\"De\"><b>Gesetze und Normen &#8211; Alles zum Thema elektrische Betriebssicherheit<\/b><\/span><\/p>\n<p>[\/vc_column_text][\/vc_column][\/vc_row][vc_row][vc_column][vc_column_text]<\/p>\n<p style=\"text-align: center; font-size: 18px; color: black;\"><span lang=\"DE\">Die notwendige, wiederkehrende Sicherheitspr\u00fcfung von Betriebs- und Arbeitsmitteln, gem\u00e4\u00df aktuellen Normen und g\u00fcltigen Gesetzen ist nach ArbSchG, BetrSichV $14, TRBS 1201 und DGUV V3 &#038; V4 f\u00fcr jedes Unternehmen verpflichtend.<\/span><\/p>\n<p>[\/vc_column_text][vc_row_inner][vc_column_inner width=&#8221;1\/2&#8243;][vc_single_image image=&#8221;987&#8243; img_size=&#8221;full&#8221;][vc_single_image image=&#8221;988&#8243; img_size=&#8221;full&#8221;][\/vc_column_inner][vc_column_inner width=&#8221;1\/2&#8243;][vc_column_text]<\/p>\n<p style=\"color: black; margin-top: 5px;\">Der Gesetzgeber steht auf der Seite der Unternehmen, die die Arbeitssicherheit ernst nehmen. Sichere Betriebe werden belohnt, andere erhalten Strafen.<\/p>\n<p>[\/vc_column_text][vc_column_text]<\/p>\n<h6 style=\"font-size: 16px; color: black;\">Die Betriebssicherheitsverordnung dient dem Schutz der Arbeitnehmer!<\/h6>\n<div class=\"row\" style=\"display: flex !important; flex-wrap: nowrap !important;\">\n<div class=\"col-md-1\" style=\"width: 1rem !important;\"><i class=\"fa fa-square\" style=\"font-size: 6px; color:black\" aria-hidden=\"true\"><\/i><\/div>\n<div class=\"col-md-11\">\n<p style=\"text-align: left; color: black;\">Sie regelt die sichere Inbetriebnahme aller Betriebsmittel sowie deren Benutzung und Kontrolle.<\/p>\n<\/div>\n<\/div>\n<h6 style=\"font-size: 16px; color: black; margin-top: 30px;\">Gesetzeslage nach ArbSchG, BetrSichV und DGUV:<\/h6>\n<div class=\"row\" style=\"display: flex !important; flex-wrap: nowrap !important;\">\n<div class=\"col-md-1\" style=\"width: 1rem !important;\"><i class=\"fa fa-square\" style=\"font-size: 6px; color:black\" aria-hidden=\"true\"><\/i><\/div>\n<div class=\"col-md-11\">\n<p style=\"text-align: left; color: black;\">Die Elektropr\u00fcfung nach DGUV nicht durchf\u00fchren zu lassen ist eine Gefahr f\u00fcr die Arbeitssicherheit. Der Gesetzgeber hat sie daher zur Plicht gemacht.<\/p>\n<\/div>\n<\/div>\n<p>[\/vc_column_text][vc_column_text css=&#8221;.vc_custom_1626239208898{margin-top: -32px !important;}&#8221;]<\/p>\n<div class=\"row\" style=\"display: flex !important; flex-wrap: nowrap !important;\">\n<div class=\"col-md-1\" style=\"width: 1rem !important;\"><i class=\"fa fa-square\" style=\"font-size: 6px; color:black\" aria-hidden=\"true\"><\/i><\/div>\n<div class=\"col-md-11\">\n<p style=\"text-align: left; color: black;\">ArbSchG 3 Schutz der Arbeitnehmer.\u00a7 5 Beurteilung Arbeitsbedingungen \u00a7 6 Dokumentation.<\/p>\n<\/div>\n<\/div>\n<div class=\"row\" style=\"display: flex !important; flex-wrap: nowrap !important;\">\n<div class=\"col-md-1\" style=\"width: 1rem !important;\"><i class=\"fa fa-square\" style=\"font-size: 6px; color:black\" aria-hidden=\"true\"><\/i><\/div>\n<div class=\"col-md-11\">\n<p style=\"text-align: left; color: black;\">BetrSichV \u00a7 10 Pr\u00fcfung der Arbeitsmittel, \u00a7 11 Aufzeichnungen, \u00a7 15 Wiederkehrende Pr\u00fcfung.<\/p>\n<\/div>\n<\/div>\n<div class=\"row\" style=\"display: flex !important; flex-wrap: nowrap !important;\">\n<div class=\"col-md-1\" style=\"width: 1rem !important;\"><i class=\"fa fa-square\" style=\"font-size: 6px; color:black\" aria-hidden=\"true\"><\/i><\/div>\n<div class=\"col-md-11\">\n<p style=\"text-align: left; color: black;\">Aus der DGUV Vorschrit 3+4 t\u00fcr elektrische Anlagen und Betriebsmittel geht die Pr\u00fcf- und Dokumentationspflicht hervor.<\/p>\n<\/div>\n<\/div>\n<p>[\/vc_column_text][vc_column_text]<\/p>\n<div>\n<h6 style=\"font-size: 16px; color: black;\">Warum muss gepr\u00fcft werden?<\/h6>\n<div class=\"row\" style=\"display: flex !important; flex-wrap: nowrap !important;\">\n<div class=\"col-md-1\" style=\"width: 1rem !important;\"><i class=\"fa fa-square\" style=\"font-size: 6px; color:black\" aria-hidden=\"true\"><\/i><\/div>\n<div class=\"col-md-11\">\n<p style=\"text-align: left; color: black;\">Laut ArtSchG und BetrSichV sind Gesch\u00e4ftsf\u00fchrer und Vorst\u00e4nde verantwortlich f\u00fcr die Sicherheit Ihrer Mitarbeiter und haben f\u00fcr Art, Umfang und Frist der Sicherheitspr\u00fcfungen Sorge zu tragen.<\/p>\n<\/div>\n<\/div>\n<div class=\"row\" style=\"display: flex !important; flex-wrap: nowrap !important;\">\n<div class=\"col-md-1\" style=\"width: 1rem !important;\"><i class=\"fa fa-square\" style=\"font-size: 6px; color:black\" aria-hidden=\"true\"><\/i><\/div>\n<div class=\"col-md-11\">\n<p style=\"text-align: left; color: black;\">Eine Missachtung der gesetzlichen Bestimmungen und der DGUV-Vorschriften hat f\u00fcr die Gesch\u00e4ftsf\u00fchrung und Vorst\u00e4nde rechtliche Konsequenzen.<\/p>\n<\/div>\n<\/div>\n<\/div>\n<p>[\/vc_column_text][vc_column_text]<\/p>\n<h6 style=\"font-size: 16px; color: black;\">Gef\u00e4hrdungsbeurteilung und Elektropr\u00fcfung sind Pflicht!<\/h6>\n<div class=\"row\" style=\"display: flex !important; flex-wrap: nowrap !important;\">\n<div class=\"col-md-1\" style=\"width: 1rem !important;\"><i class=\"fa fa-square\" style=\"font-size: 6px; color:black\" aria-hidden=\"true\"><\/i><\/div>\n<div class=\"col-md-11\">\n<p style=\"text-align: left; color: black;\">Bei Arbeitssicherheit gibt es seitens des Gesetzgebers Kontrolle.<\/p>\n<\/div>\n<\/div>\n<div class=\"row\" style=\"display: flex !important; flex-wrap: nowrap !important;\">\n<div class=\"col-md-1\" style=\"width: 1rem !important;\"><i class=\"fa fa-square\" style=\"font-size: 6px; color:black\" aria-hidden=\"true\"><\/i><\/div>\n<div class=\"col-md-11\">\n<p style=\"text-align: left; color: black;\">Ein Verzicht auf die Elektropr\u00fcfung ist kein Kavaliersdelikt- im Gegenteil, es kann zu schweren Unf\u00e4llen und hohen Sachsch\u00e4den kommen.<\/p>\n<\/div>\n<\/div>\n<p style=\"color: black; margin-top: 5px;\">Der Gesetzgeber steht auf der Seite der Unternehmen, die die Arbeitssicherheit ernst nehmen. Sichere Betriebe werden belohnt, andere erhalten Strafen.<\/p>\n<h6 style=\"font-size: 16px; color: black; margin-top: 30px;\">Wer die Arbeitssicherheit nicht sicherstellt macht sich laut \u00a7 26 Arbeitsschutzgesetz strafbar!<\/h6>\n<div class=\"row\" style=\"display: flex !important; flex-wrap: nowrap !important;\">\n<div class=\"col-md-1\" style=\"width: 1rem !important;\"><i class=\"fa fa-square\" style=\"font-size: 6px; color:black\" aria-hidden=\"true\"><\/i><\/div>\n<div class=\"col-md-11\">\n<p style=\"text-align: left; color: black;\">Wer denkt, es passiert schon nichts, handelt fahrl\u00e4ssig.<\/p>\n<\/div>\n<\/div>\n<div class=\"row\" style=\"display: flex !important; flex-wrap: nowrap !important;\">\n<div class=\"col-md-1\" style=\"width: 1rem !important;\"><i class=\"fa fa-square\" style=\"font-size: 6px; color:black\" aria-hidden=\"true\"><\/i><\/div>\n<div class=\"col-md-11\">\n<p style=\"text-align: left; color: black;\">Im Schadenstall wird gepr\u00fcft, ob die verpflichtenden Ma\u00dfnahmen durchgef\u00fchrt wurden. Ohne Nachweis haftet die Gesch\u00e4ftsleitung selbst f\u00fcr entstandenen Schaden.<\/p>\n<\/div>\n<\/div>\n<div class=\"row\" style=\"display: flex !important; flex-wrap: nowrap !important;\">\n<div class=\"col-md-1\" style=\"width: 1rem !important;\"><i class=\"fa fa-square\" style=\"font-size: 6px; color:black\" aria-hidden=\"true\"><\/i><\/div>\n<div class=\"col-md-11\">\n<p style=\"text-align: left; color: black;\">Eine gerichtsfeste Dokumentation ist der Beleg f\u00fcr die durchgef\u00fchrte Pr\u00fcfung.<\/p>\n<\/div>\n<\/div>\n<p>[\/vc_column_text][\/vc_column_inner][\/vc_row_inner][\/vc_column][\/vc_row][vc_row full_width=&#8221;stretch_row&#8221; css=&#8221;.vc_custom_1619006786844{padding-right: 50px !important;}&#8221;][vc_column width=&#8221;1\/2&#8243;][vc_single_image image=&#8221;987&#8243; img_size=&#8221;large&#8221;][vc_single_image image=&#8221;988&#8243; img_size=&#8221;large&#8221;][\/vc_column][vc_column width=&#8221;1\/2&#8243; css=&#8221;.vc_custom_1619004773662{padding-right: 50px !important;}&#8221;][vc_column_text css=&#8221;.vc_custom_1624273568669{border-right-width: 30px !important;}&#8221;]<\/p>\n<h6 style=\"font-size: 16px; color: black;\">Die Betriebssicherheitsverordnung dient dem Schutz der Arbeitnehmer<\/h6>\n<div class=\"row\">\n<div class=\"col-md-1\"><\/div>\n<div class=\"col-md-11\">\n<p style=\"text-align: left; color: black;\">Sie regelt die sichere Inbetriebnahme aller Betriebsmitel sowie deren Benutzung und Kontrole.<\/p>\n<\/div>\n<\/div>\n<h6 style=\"font-size: 16px; color: black;\">Gesetzeslage nach ArbSchG, BetrSichV und DGUV:<\/h6>\n<div class=\"row\">\n<div class=\"col-md-1\"><\/div>\n<div class=\"col-md-11\">\n<p style=\"text-align: left; color: black;\">Die Elektropr\u00fcfung nach DGUV nicht durchf\u00fchren zu lassen ist eine Gefahr f\u00fcr die<br \/>\nArbeitssicherheit. Der Gesetzgeber hat sie daher zur Plicht gemacht.<\/p>\n<\/div>\n<\/div>\n<div>\n<div class=\"row\">\n<div class=\"col-md-1\"><i class=\"fa fa-circle\" style=\"font-size: 6px; color:black\" aria-hidden=\"true\"><\/i><\/div>\n<div class=\"col-md-11\">\n<p style=\"text-align: left; color: black;\">ArbSchG 3 Schutz der Arbeitnehmer. \u00a7 5 Beurteilung Arbeitsbedingungen \u00a7 6 Dokumentation<\/p>\n<\/div>\n<\/div>\n<div class=\"row\">\n<div class=\"col-md-1\"><i class=\"fa fa-circle\" style=\"font-size: 6px; color:black\" aria-hidden=\"true\"><\/i><\/div>\n<div class=\"col-md-11\">\n<p style=\"text-align: left; color: black;\">BetrSichV \u00a7 10 Pr\u00fcfung der Arbeitsmittel, \u00a7 11 Aufzeichnungen, \u00a7 15 Wiederkehrende Pr\u00fcfung<\/p>\n<\/div>\n<\/div>\n<p>[\/vc_column_text][\/vc_column][\/vc_row][vc_row][vc_column][vc_empty_space][\/vc_column][\/vc_row]<\/p>\n","protected":false},"excerpt":{"rendered":"<p>[vc_row css=&#8221;.vc_custom_1620297601230{margin-top: -79px !important;}&#8221;][vc_column][vc_column_text css=&#8221;.vc_custom_1625671458746{margin-top: 95px !important;margin-right: 0px !important;margin-bottom: 25px !important;margin-left: 0px !important;padding-top: 8px !important;padding-bottom: 8px !important;background-color: #78a600 !important;}&#8221;] Gesetze und Normen &#8211; Alles zum Thema elektrische Betriebssicherheit [\/vc_column_text][\/vc_column][\/vc_row][vc_row][vc_column][vc_column_text] Die notwendige, wiederkehrende Sicherheitspr\u00fcfung von Betriebs- und Arbeitsmitteln, gem\u00e4\u00df aktuellen Normen und g\u00fcltigen Gesetzen ist nach ArbSchG, BetrSichV $14, TRBS 1201 und DGUV V3 &#038; V4 [&hellip;]<\/p>\n","protected":false},"author":1,"featured_media":0,"parent":0,"menu_order":0,"comment_status":"closed","ping_status":"closed","template":"","meta":{"_monsterinsights_skip_tracking":false,"_monsterinsights_sitenote_active":false,"_monsterinsights_sitenote_note":"","_monsterinsights_sitenote_category":0,"footnotes":""},"class_list":["post-982","page","type-page","status-publish","hentry"],"aioseo_notices":[],"_links":{"self":[{"href":"https:\/\/www.tmt-pruefservice.de\/index.php\/wp-json\/wp\/v2\/pages\/982","targetHints":{"allow":["GET"]}}],"collection":[{"href":"https:\/\/www.tmt-pruefservice.de\/index.php\/wp-json\/wp\/v2\/pages"}],"about":[{"href":"https:\/\/www.tmt-pruefservice.de\/index.php\/wp-json\/wp\/v2\/types\/page"}],"author":[{"embeddable":true,"href":"https:\/\/www.tmt-pruefservice.de\/index.php\/wp-json\/wp\/v2\/users\/1"}],"replies":[{"embeddable":true,"href":"https:\/\/www.tmt-pruefservice.de\/index.php\/wp-json\/wp\/v2\/comments?post=982"}],"version-history":[{"count":53,"href":"https:\/\/www.tmt-pruefservice.de\/index.php\/wp-json\/wp\/v2\/pages\/982\/revisions"}],"predecessor-version":[{"id":1483,"href":"https:\/\/www.tmt-pruefservice.de\/index.php\/wp-json\/wp\/v2\/pages\/982\/revisions\/1483"}],"wp:attachment":[{"href":"https:\/\/www.tmt-pruefservice.de\/index.php\/wp-json\/wp\/v2\/media?parent=982"}],"curies":[{"name":"wp","href":"https:\/\/api.w.org\/{rel}","templated":true}]}}